{"id":3814,"date":"2023-01-11T20:02:50","date_gmt":"2023-01-11T20:02:50","guid":{"rendered":"https:\/\/www.stdonat.fr\/directions\/"},"modified":"2023-07-10T17:30:00","modified_gmt":"2023-07-10T17:30:00","slug":"directions","status":"publish","type":"page","link":"https:\/\/www.stdonat.fr\/en\/directions\/","title":{"rendered":"Directions"},"content":{"rendered":"<p>[et_pb_section fb_built=&#8221;1&#8243; _builder_version=&#8221;4.19.4&#8243; _module_preset=&#8221;default&#8221; custom_margin=&#8221;120px||||false|false&#8221; custom_margin_tablet=&#8221;120px||||false|false&#8221; custom_margin_phone=&#8221;4em||||false|false&#8221; custom_margin_last_edited=&#8221;on|desktop&#8221; global_colors_info=&#8221;{}&#8221;][et_pb_row _builder_version=&#8221;4.19.4&#8243; _module_preset=&#8221;default&#8221; custom_padding=&#8221;0px||0px||true|false&#8221; global_colors_info=&#8221;{}&#8221;][et_pb_column type=&#8221;4_4&#8243; _builder_version=&#8221;4.19.4&#8243; _module_preset=&#8221;default&#8221; global_colors_info=&#8221;{}&#8221;][et_pb_text _builder_version=&#8221;4.19.4&#8243; text_font=&#8221;||||||||&#8221; text_text_color=&#8221;#14262A&#8221; text_font_size=&#8221;16px&#8221; text_line_height=&#8221;1.8em&#8221; header_font=&#8221;|700|||||||&#8221; header_text_color=&#8221;#774649&#8243; header_line_height=&#8221;1.1em&#8221; header_3_font=&#8221;Cabin|700||on|||||&#8221; header_3_text_color=&#8221;#bd8f52&#8243; header_3_font_size=&#8221;13px&#8221; header_3_letter_spacing=&#8221;3px&#8221; header_3_line_height=&#8221;1.4em&#8221; max_width=&#8221;36vw&#8221; max_width_tablet=&#8221;90%&#8221; max_width_phone=&#8221;100%&#8221; max_width_last_edited=&#8221;on|tablet&#8221; custom_margin=&#8221;||||false|false&#8221; hover_enabled=&#8221;0&#8243; text_font_size_tablet=&#8221;15px&#8221; text_font_size_phone=&#8221;14px&#8221; text_font_size_last_edited=&#8221;on|phone&#8221; header_font_size_tablet=&#8221;52px&#8221; header_font_size_phone=&#8221;28px&#8221; header_font_size_last_edited=&#8221;on|phone&#8221; header_2_font_size_tablet=&#8221;&#8221; header_2_font_size_phone=&#8221;24px&#8221; header_2_font_size_last_edited=&#8221;on|desktop&#8221; locked=&#8221;off&#8221; global_colors_info=&#8221;{}&#8221; sticky_enabled=&#8221;0&#8243; header_2_font_size=&#8221;24px&#8221;]<\/p>\n<h1>Accessibility<\/h1>\n<h2>of Auberge de la Providence in Saint Donat<\/h2>\n<p>[\/et_pb_text][\/et_pb_column][\/et_pb_row][et_pb_row column_structure=&#8221;3_5,2_5&#8243; _builder_version=&#8221;4.19.4&#8243; _module_preset=&#8221;default&#8221; custom_padding=&#8221;||0px||false|false&#8221; global_colors_info=&#8221;{}&#8221;][et_pb_column type=&#8221;3_5&#8243; _builder_version=&#8221;4.19.4&#8243; _module_preset=&#8221;default&#8221; global_colors_info=&#8221;{}&#8221;][et_pb_text _builder_version=&#8221;4.19.4&#8243; _module_preset=&#8221;default&#8221; ul_line_height=&#8221;1.8em&#8221; custom_margin=&#8221;||0px||false|false&#8221; text_font_size_tablet=&#8221;&#8221; text_font_size_phone=&#8221;16px&#8221; text_font_size_last_edited=&#8221;on|phone&#8221; global_colors_info=&#8221;{}&#8221; link_text_color__hover_enabled=&#8221;on|desktop&#8221; link_text_color__hover=&#8221;#774649&#8243;]<\/p>\n<p>Auberge de la Providence is located in front of the church, in the former H\u00f4tel de la Providence.<\/p>\n<p><strong>Directions from Paris<\/strong><\/p>\n<p>[\/et_pb_text][et_pb_text _builder_version=&#8221;4.19.4&#8243; _module_preset=&#8221;default&#8221; ul_line_height=&#8221;1.8em&#8221; text_font_size_tablet=&#8221;&#8221; text_font_size_phone=&#8221;16px&#8221; text_font_size_last_edited=&#8221;on|phone&#8221; global_colors_info=&#8221;{}&#8221; link_text_color__hover_enabled=&#8221;on|desktop&#8221; link_text_color__hover=&#8221;#774649&#8243;]<\/p>\n<ul>\n<li>Head towards Bordeaux &#8211; Nantes<\/li>\n<li>Suivez Orl\u00e9ans &#8211; Clermont Ferrand<\/li>\n<li>Follow A10. Au-del\u00e0 Orl\u00e9ans l\u2019A71 <\/li>\n<li>Before Clermont Ferrand, take A89 towards Limoges, Bordeaux<\/li>\n<li>Take exit 25 Le Mont-Dore, Bort les Orgues, La Bourboule<\/li>\n<li>Take the third exit at the first roundabout<\/li>\n<li>At the end of the road, turn right<\/li>\n<li>Take the La Tour de l&#8217;Auvergne exit (D203)<\/li>\n<li>In La Tour d&#8217;Auvergne, follow the direction of Picherande (D203)<\/li>\n<li>Before Picherande, take the exit towards Saint-Donat<\/li>\n<\/ul>\n<p><strong>If coming from the west<\/strong> (A71 Clermont Ferrand), you will find Saint Donat on the D203, 22 km after Besse-en-Chandesse and 5 km after Picherande on the left.<\/p>\n<p>[\/et_pb_text][\/et_pb_column][et_pb_column type=&#8221;2_5&#8243; _builder_version=&#8221;4.19.4&#8243; _module_preset=&#8221;default&#8221; global_colors_info=&#8221;{}&#8221;][et_pb_text _builder_version=&#8221;4.19.4&#8243; _module_preset=&#8221;default&#8221; custom_padding=&#8221;2em|2em|2em|2em|true|true&#8221; border_radii=&#8221;on|3px|3px|3px|3px&#8221; border_color_all=&#8221;RGBA(255,255,255,0)&#8221; box_shadow_style=&#8221;preset6&#8243; global_colors_info=&#8221;{}&#8221;]<\/p>\n<p>Saint Donat is not yet in every <strong>GPS<\/strong>.<\/p>\n<p>You can use La Tour d&#8217;Auvergne as a landmark. Follow the D203 towards Picherande. After around 7 km, turn right towards St Donat.  <\/p>\n<p>[\/et_pb_text][\/et_pb_column][\/et_pb_row][\/et_pb_section][et_pb_section fb_built=&#8221;1&#8243; fullwidth=&#8221;on&#8221; _builder_version=&#8221;4.19.1&#8243; _module_preset=&#8221;default&#8221; background_color=&#8221;#AEE0EB&#8221; global_colors_info=&#8221;{}&#8221;][et_pb_fullwidth_code _builder_version=&#8221;4.19.1&#8243; _module_preset=&#8221;default&#8221; global_colors_info=&#8221;{}&#8221;]<iframe src=\"https:\/\/www.google.com\/maps\/embed?pb=!1m18!1m12!1m3!1d300927.3669031253!2d2.320250458523869!3d45.51370106819036!2m3!1f0!2f0!3f0!3m2!1i1024!2i768!4f13.1!3m3!1m2!1s0x47f79bbb78650ff7%3A0xaf4e7148eaee537d!2sAuberge%20de%20la%20Providence!5e0!3m2!1sen!2sfr!4v1633460634111!5m2!1sen!2sfr\" width=\"100%\" height=\"450\" style=\"border:0;\" allowfullscreen=\"\" loading=\"lazy\"><\/iframe>[\/et_pb_fullwidth_code][\/et_pb_section]<\/p>\n","protected":false},"excerpt":{"rendered":"<p>Accessibility of Auberge de la Providence in Saint DonatAuberge de la Providence is located in front of the church, in the former H\u00f4tel de la Providence. Directions from Paris Head towards Bordeaux &#8211; Nantes Suivez Orl\u00e9ans &#8211; Clermont Ferrand Follow A10. Au-del\u00e0 Orl\u00e9ans l\u2019A71 Before Clermont Ferrand, take A89 towards Limoges, Bordeaux Take exit 25 [&hellip;]<\/p>\n","protected":false},"author":1,"featured_media":0,"parent":0,"menu_order":0,"comment_status":"closed","ping_status":"closed","template":"","meta":{"_et_pb_use_builder":"on","_et_pb_old_content":"","_et_gb_content_width":"","footnotes":""},"class_list":["post-3814","page","type-page","status-publish","hentry"],"_links":{"self":[{"href":"https:\/\/www.stdonat.fr\/en\/wp-json\/wp\/v2\/pages\/3814","targetHints":{"allow":["GET"]}}],"collection":[{"href":"https:\/\/www.stdonat.fr\/en\/wp-json\/wp\/v2\/pages"}],"about":[{"href":"https:\/\/www.stdonat.fr\/en\/wp-json\/wp\/v2\/types\/page"}],"author":[{"embeddable":true,"href":"https:\/\/www.stdonat.fr\/en\/wp-json\/wp\/v2\/users\/1"}],"replies":[{"embeddable":true,"href":"https:\/\/www.stdonat.fr\/en\/wp-json\/wp\/v2\/comments?post=3814"}],"version-history":[{"count":2,"href":"https:\/\/www.stdonat.fr\/en\/wp-json\/wp\/v2\/pages\/3814\/revisions"}],"predecessor-version":[{"id":3816,"href":"https:\/\/www.stdonat.fr\/en\/wp-json\/wp\/v2\/pages\/3814\/revisions\/3816"}],"wp:attachment":[{"href":"https:\/\/www.stdonat.fr\/en\/wp-json\/wp\/v2\/media?parent=3814"}],"curies":[{"name":"wp","href":"https:\/\/api.w.org\/{rel}","templated":true}]}}